{"id":1808,"date":"2017-11-27T15:41:33","date_gmt":"2017-11-27T14:41:33","guid":{"rendered":"https:\/\/www.fluimucil-erkaeltungshusten.ch\/produkte\/rinofluimucil\/"},"modified":"2025-04-03T15:42:31","modified_gmt":"2025-04-03T13:42:31","slug":"rinofluimucil","status":"publish","type":"page","link":"https:\/\/www.fluimucil-erkaeltungshusten.ch\/de\/produkte\/rinofluimucil\/","title":{"rendered":"Rinofluimucil"},"content":{"rendered":"<div class=\"wpb-content-wrapper\">[mk_page_section vertical_align=&#8220;center&#8220; bg_image=&#8220;https:\/\/www.fluimucil-erkaeltungshusten.ch\/wp-content\/uploads\/2017\/11\/bottomteaser.png&#8220; bg_position=&#8220;center bottom&#8220; bg_repeat=&#8220;no-repeat&#8220; min_height=&#8220;350&#8243; padding_top=&#8220;120&#8243; padding_bottom=&#8220;0&#8243; sidebar=&#8220;sidebar-1&#8243;][vc_column][vc_single_image image=&#8220;17387&#8243; img_size=&#8220;full&#8220; alignment=&#8220;center&#8220; css=&#8220;&#8220;][mk_fancy_title tag_name=&#8220;h5&#8243; color=&#8220;#007f91&#8243; font_weight=&#8220;bold&#8220; margin_top=&#8220;20&#8243; margin_bottom=&#8220;15&#8243; font_family=&#8220;none&#8220; align=&#8220;center&#8220;]RINOFLUIMUCIL[\/mk_fancy_title][\/vc_column][\/mk_page_section][vc_row css=&#8220;.vc_custom_1511777482396{padding-top: 20px !important;padding-left: 10px !important;background-color: #e8f3f5 !important;}&#8220;][vc_column][mk_fancy_title tag_name=&#8220;h1&#8243; color=&#8220;#005982&#8243; size=&#8220;22&#8243; font_weight=&#8220;bold&#8220; letter_spacing=&#8220;1&#8243; font_family=&#8220;none&#8220;]RINOFLUIMUCIL[\/mk_fancy_title][\/vc_column][\/vc_row][vc_row css=&#8220;.vc_custom_1511777488502{padding-left: 10px !important;background-color: #e8f3f5 !important;}&#8220;][vc_column width=&#8220;2\/3&#8243;][mk_fancy_title color=&#8220;#005b85&#8243; size=&#8220;20&#8243; font_weight=&#8220;bold&#8220; letter_spacing=&#8220;1&#8243; font_family=&#8220;none&#8220;]EIGENSCHAFTEN[\/mk_fancy_title][vc_single_image image=&#8220;1812&#8243; img_size=&#8220;full&#8220;][mk_fancy_title color=&#8220;#005b85&#8243; size=&#8220;20&#8243; font_weight=&#8220;bold&#8220; letter_spacing=&#8220;1&#8243; font_family=&#8220;none&#8220;]MEHR ZU DIESEM THEMA[\/mk_fancy_title][vc_accordions action_style=&#8220;toggle-action&#8220; container_bg_color=&#8220;#e8f3f5&#8243; responsive=&#8220;false&#8220;][vc_accordion_tab title=&#8220;WAS IST RINOFLUIMUCIL&#8220;][vc_column_text css=&#8220;.vc_custom_1743687746925{margin-bottom: 0px !important;}&#8220;]Rinofluimucil ist ein Nasenspray. Es lindert die Symptome des <a href=\"\/de\/Faq\/Glossar\/#s\">Schnupfens<\/a>, einerseits durch Abschwellung der Nasenschleimhaut und andererseits durch Verminderung und Verfl\u00fcssigung des schleimigen Nasenausflusses.<\/p>\n<p>Rinofluimucil befreit die verstopfte Nase und erm\u00f6glicht ein freieres Atmen durch die Nase.[\/vc_column_text][\/vc_accordion_tab][vc_accordion_tab title=&#8220;WIE WIRD ES ANGEWENDET&#8220;][vc_column_text css=&#8220;.vc_custom_1513160096732{margin-bottom: 0px !important;}&#8220;]<strong>Erwachsene<\/strong>: 2-3 Spr\u00fchnebel in jedes Nasenloch, 3-4 mal t\u00e4glich.<\/p>\n<p><strong>Kinder \u00fcber 6 Jahre<\/strong>: 1-2 Spr\u00fchnebel in jedes Nasenloch, 3-4 mal t\u00e4glich.[\/vc_column_text][\/vc_accordion_tab][vc_accordion_tab title=&#8220;WOZU DIENT ES&#8220;][vc_column_text css=&#8220;.vc_custom_1743518304962{margin-bottom: 0px !important;}&#8220;]Rinofluimucil wird angewendet bei <a href=\"\/de\/Faq\/Glossar\/#s\">Schnupfen<\/a>, besonders bei erh\u00f6hter Nasenschleimbildung und Verkrustung.<\/p>\n<p>Ohne \u00e4rztliche Anweisung darf Rinofluimucil nicht l\u00e4nger als 5-7 Tage angewendet werden.[\/vc_column_text][\/vc_accordion_tab][vc_accordion_tab title=&#8220;WAS IST DARIN ENTHALTEN&#8220;][vc_column_text css=&#8220;.vc_custom_1743518360280{margin-bottom: 0px !important;}&#8220;]1 ml Rinofluimucil Nasenspray enth\u00e4lt: 10mg <a href=\"\/de\/Faq\/Glossar\/#a\">Acetylcystein<\/a> und 5mg <a href=\"\/de\/Faq\/Glossar\/#t\">Tuaminoheptansulfat<\/a>.<\/p>\n<p>Hilfsstoffe: Benzalkoniumchlorid, Natriumedetat, Natriumdihydrogenphosphat-Monohydrat, Dithiothreitol, Ethanol 96%, Hypromellose, Natriummonohydrogenphosphat-Dodecahydrat, Natriumhydroxid, Minzaroma (enth\u00e4lt D-Limonen), Sorbitol-L\u00f6sung 70% (nicht kristallisierend) und gereinigtes Wasser.[\/vc_column_text][\/vc_accordion_tab][vc_accordion_tab title=&#8220;WIE FUNKTIONIERT ES&#8220;][vc_column_text css=&#8220;.vc_custom_1513160152643{margin-bottom: 0px !important;}&#8220;]Rinofluimucil erlaubt dank seiner besonderen Zusammensetzung die Behandlung der Symptome des\u00a0<a class=\"actived\" href=\"http:\/\/www.fluimucil-erkaeltungshusten.ch\/de\/Faq\/Glossar#s\" target=\"_self\">Schnupfens<\/a>, indem es einerseits die\u00a0<a class=\"actived\" href=\"http:\/\/www.fluimucil-erkaeltungshusten.ch\/de\/Faq\/Glossar#a\" target=\"_self\">Abschwellung<\/a>\u00a0der Nasenschleimh\u00e4ute bewirkt (<a class=\"actived\" href=\"http:\/\/www.fluimucil-erkaeltungshusten.ch\/de\/Faq\/Glossar#a\" target=\"_self\">abschwellende<\/a>\u00a0Wirkung) und somit die\u00a0<a class=\"actived\" href=\"http:\/\/www.fluimucil-erkaeltungshusten.ch\/de\/Faq\/Glossar#a\" target=\"_self\">Atmung<\/a>\u00a0erleichtert. Andererseits beg\u00fcnstigt es die Verfl\u00fcssigung und Ausscheidung der z\u00e4hen Sekrete dank\u00a0<a class=\"actived\" href=\"http:\/\/www.fluimucil-erkaeltungshusten.ch\/de\/Faq\/Glossar#a\" target=\"_self\">Acetylcystein<\/a>\u00a0(direkte\u00a0<a class=\"actived\" href=\"http:\/\/www.fluimucil-erkaeltungshusten.ch\/de\/Faq\/Glossar#m\" target=\"_self\">mukolytische<\/a>\u00a0Wirkung); der verfl\u00fcssigte\u00a0<a class=\"actived\" href=\"http:\/\/www.fluimucil-erkaeltungshusten.ch\/de\/Faq\/Glossar#s\" target=\"_self\">Schleim<\/a>\u00a0kann besser ausgeschieden werden und dadurch werden die Nase und die Nasenh\u00f6hle wieder frei.[\/vc_column_text][\/vc_accordion_tab][vc_accordion_tab title=&#8220;WIRKSTOFFE&#8220;][vc_column_text css=&#8220;.vc_custom_1513160171203{margin-bottom: 0px !important;}&#8220;]Rinofluimucil enth\u00e4lt den Wirkstoff\u00a0<a class=\"actived\" href=\"http:\/\/www.fluimucil-erkaeltungshusten.ch\/de\/Faq\/Glossar#a\" target=\"_self\">Acetylcystein<\/a>, ein Derivat von Cystein, das schleiml\u00f6sende Eigenschaften besitzt. Das\u00a0<a class=\"actived\" href=\"http:\/\/www.fluimucil-erkaeltungshusten.ch\/de\/Faq\/Glossar#t\" target=\"_self\">Tuaminoheptansulfat<\/a>\u00a0hingegen hat eine\u00a0<a class=\"actived\" href=\"http:\/\/www.fluimucil-erkaeltungshusten.ch\/de\/Faq\/Glossar#a\" target=\"_self\">abschwellende<\/a>\u00a0Wirkung auf die Nasenschleimhaut.[\/vc_column_text][\/vc_accordion_tab][\/vc_accordions][mk_button dimension=&#8220;flat&#8220; corner_style=&#8220;full_rounded&#8220; size=&#8220;medium&#8220; url=&#8220;http:\/\/www.swissmedicinfo.ch\/ShowText.aspx?textType=PI&amp;lang=de&amp;authNr=51037&#8243; target=&#8220;_blank&#8220; margin_top=&#8220;15&#8243; margin_right=&#8220;0&#8243; bg_color=&#8220;#00768e&#8220; btn_hover_bg=&#8220;rgba(0,118,142,0.75)&#8220;]Wenden Sie sich an eine Fachperson und lesen Sie die Packungsbeilage[\/mk_button][\/vc_column][vc_column width=&#8220;1\/12&#8243;][\/vc_column][vc_column width=&#8220;3\/12&#8243;][vc_single_image image=&#8220;17387&#8243; img_size=&#8220;full&#8220; alignment=&#8220;center&#8220; css=&#8220;&#8220;][\/vc_column][\/vc_row]\n<\/div>","protected":false},"excerpt":{"rendered":"<p>[mk_page_section vertical_align=&#8220;center&#8220; bg_image=&#8220;https:\/\/www.fluimucil-erkaeltungshusten.ch\/wp-content\/uploads\/2017\/11\/bottomteaser.png&#8220; bg_position=&#8220;center bottom&#8220; bg_repeat=&#8220;no-repeat&#8220; min_height=&#8220;350&#8243; padding_top=&#8220;120&#8243; padding_bottom=&#8220;0&#8243; sidebar=&#8220;sidebar-1&#8243;][vc_column][vc_single_image image=&#8220;17387&#8243; img_size=&#8220;full&#8220; alignment=&#8220;center&#8220; css=&#8220;&#8220;][mk_fancy_title tag_name=&#8220;h5&#8243; color=&#8220;#007f91&#8243; font_weight=&#8220;bold&#8220; margin_top=&#8220;20&#8243; margin_bottom=&#8220;15&#8243; font_family=&#8220;none&#8220; align=&#8220;center&#8220;]RINOFLUIMUCIL[\/mk_fancy_title][\/vc_column][\/mk_page_section][vc_row css=&#8220;.vc_custom_1511777482396{padding-top: 20px !important;padding-left: 10px !important;background-color: #e8f3f5 !important;}&#8220;][vc_column][mk_fancy_title tag_name=&#8220;h1&#8243; color=&#8220;#005982&#8243; size=&#8220;22&#8243; font_weight=&#8220;bold&#8220; letter_spacing=&#8220;1&#8243; font_family=&#8220;none&#8220;]RINOFLUIMUCIL[\/mk_fancy_title][\/vc_column][\/vc_row][vc_row css=&#8220;.vc_custom_1511777488502{padding-left: 10px !important;background-color: #e8f3f5 !important;}&#8220;][vc_column width=&#8220;2\/3&#8243;][mk_fancy_title color=&#8220;#005b85&#8243; size=&#8220;20&#8243; font_weight=&#8220;bold&#8220; letter_spacing=&#8220;1&#8243; font_family=&#8220;none&#8220;]EIGENSCHAFTEN[\/mk_fancy_title][vc_single_image image=&#8220;1812&#8243; img_size=&#8220;full&#8220;][mk_fancy_title color=&#8220;#005b85&#8243; size=&#8220;20&#8243; font_weight=&#8220;bold&#8220; letter_spacing=&#8220;1&#8243; font_family=&#8220;none&#8220;]MEHR ZU DIESEM THEMA[\/mk_fancy_title][vc_accordions [&hellip;]<\/p>\n","protected":false},"author":2,"featured_media":0,"parent":1742,"menu_order":0,"comment_status":"closed","ping_status":"closed","template":"","meta":{"_monsterinsights_skip_tracking":false,"_monsterinsights_sitenote_active":false,"_monsterinsights_sitenote_note":"","_monsterinsights_sitenote_category":0,"footnotes":""},"categories":[],"tags":[],"yst_prominent_words":[289,288,291,293,208,113,290,285,282,287,284,292,286,283,281,297,116,296,295,294],"class_list":["post-1808","page","type-page","status-publish","hentry"],"_links":{"self":[{"href":"https:\/\/www.fluimucil-erkaeltungshusten.ch\/de\/wp-json\/wp\/v2\/pages\/1808","targetHints":{"allow":["GET"]}}],"collection":[{"href":"https:\/\/www.fluimucil-erkaeltungshusten.ch\/de\/wp-json\/wp\/v2\/pages"}],"about":[{"href":"https:\/\/www.fluimucil-erkaeltungshusten.ch\/de\/wp-json\/wp\/v2\/types\/page"}],"author":[{"embeddable":true,"href":"https:\/\/www.fluimucil-erkaeltungshusten.ch\/de\/wp-json\/wp\/v2\/users\/2"}],"replies":[{"embeddable":true,"href":"https:\/\/www.fluimucil-erkaeltungshusten.ch\/de\/wp-json\/wp\/v2\/comments?post=1808"}],"version-history":[{"count":0,"href":"https:\/\/www.fluimucil-erkaeltungshusten.ch\/de\/wp-json\/wp\/v2\/pages\/1808\/revisions"}],"up":[{"embeddable":true,"href":"https:\/\/www.fluimucil-erkaeltungshusten.ch\/de\/wp-json\/wp\/v2\/pages\/1742"}],"wp:attachment":[{"href":"https:\/\/www.fluimucil-erkaeltungshusten.ch\/de\/wp-json\/wp\/v2\/media?parent=1808"}],"wp:term":[{"taxonomy":"category","embeddable":true,"href":"https:\/\/www.fluimucil-erkaeltungshusten.ch\/de\/wp-json\/wp\/v2\/categories?post=1808"},{"taxonomy":"post_tag","embeddable":true,"href":"https:\/\/www.fluimucil-erkaeltungshusten.ch\/de\/wp-json\/wp\/v2\/tags?post=1808"},{"taxonomy":"yst_prominent_words","embeddable":true,"href":"https:\/\/www.fluimucil-erkaeltungshusten.ch\/de\/wp-json\/wp\/v2\/yst_prominent_words?post=1808"}],"curies":[{"name":"wp","href":"https:\/\/api.w.org\/{rel}","templated":true}]}}