{"id":1804,"date":"2017-11-27T14:29:57","date_gmt":"2017-11-27T13:29:57","guid":{"rendered":"https:\/\/www.fluimucil-erkaeltungshusten.ch\/produkte\/fluimucil-grippe-day-night\/"},"modified":"2019-07-18T11:42:20","modified_gmt":"2019-07-18T09:42:20","slug":"fluimucil-grippe-day-night","status":"publish","type":"page","link":"https:\/\/www.fluimucil-erkaeltungshusten.ch\/de\/produkte\/fluimucil-grippe-day-night\/","title":{"rendered":"Fluimucil Grippe Day &#038; Night"},"content":{"rendered":"<div class=\"wpb-content-wrapper\">[mk_page_section vertical_align=&#8220;center&#8220; bg_image=&#8220;https:\/\/www.fluimucil-erkaeltungshusten.ch\/wp-content\/uploads\/2017\/11\/bottomteaser.png&#8220; bg_position=&#8220;center bottom&#8220; bg_repeat=&#8220;no-repeat&#8220; min_height=&#8220;350&#8243; padding_top=&#8220;120&#8243; padding_bottom=&#8220;0&#8243; sidebar=&#8220;sidebar-1&#8243;][vc_column][vc_single_image image=&#8220;2707&#8243; img_size=&#8220;full&#8220; alignment=&#8220;center&#8220;][mk_fancy_title tag_name=&#8220;h5&#8243; color=&#8220;#007f91&#8243; font_weight=&#8220;bold&#8220; margin_top=&#8220;20&#8243; margin_bottom=&#8220;15&#8243; font_family=&#8220;none&#8220; align=&#8220;center&#8220;]FLUIMUCIL GRIPPE<br \/>\nDAY &amp; NIGHT[\/mk_fancy_title][\/vc_column][\/mk_page_section][vc_row css=&#8220;.vc_custom_1511777482396{padding-top: 20px !important;padding-left: 10px !important;background-color: #e8f3f5 !important;}&#8220;][vc_column][mk_fancy_title tag_name=&#8220;h1&#8243; color=&#8220;#005982&#8243; size=&#8220;22&#8243; font_weight=&#8220;bold&#8220; letter_spacing=&#8220;1&#8243; font_family=&#8220;none&#8220;]FLUIMUCIL GRIPPE DAY &amp; NIGHT[\/mk_fancy_title][\/vc_column][\/vc_row][vc_row css=&#8220;.vc_custom_1511777488502{padding-left: 10px !important;background-color: #e8f3f5 !important;}&#8220;][vc_column width=&#8220;2\/3&#8243;][mk_fancy_title color=&#8220;#005b85&#8243; size=&#8220;20&#8243; font_weight=&#8220;bold&#8220; letter_spacing=&#8220;1&#8243; font_family=&#8220;none&#8220;]EIGENSCHAFTEN[\/mk_fancy_title][vc_single_image image=&#8220;17267&#8243; img_size=&#8220;full&#8220;][mk_fancy_title color=&#8220;#005b85&#8243; size=&#8220;20&#8243; font_weight=&#8220;bold&#8220; letter_spacing=&#8220;1&#8243; font_family=&#8220;none&#8220;]MEHR ZU DIESEM THEMA[\/mk_fancy_title][vc_accordions action_style=&#8220;toggle-action&#8220; container_bg_color=&#8220;#e8f3f5&#8243; responsive=&#8220;false&#8220;][vc_accordion_tab title=&#8220;WAS IST FLUIMUCIL GRIPPE DAY &amp; NIGHT&#8220;][vc_column_text css=&#8220;.vc_custom_1513159677761{margin-bottom: 0px !important;}&#8220;]Fluimucil Grippe Day &amp; Night wird angewendet zur kurzfristigen Behandlung von\u00a0<a href=\"http:\/\/www.fluimucil-erkaeltungshusten.ch\/de\/Faq\/Glossar#g\" target=\"_self\">Erk\u00e4ltungen<\/a>\u00a0und\u00a0<a href=\"http:\/\/www.fluimucil-erkaeltungshusten.ch\/de\/Faq\/Glossar#g\" target=\"_self\">grippalen Erkrankungen<\/a>.<\/p>\n<p>Es handelt sich um ein Kombinationspr\u00e4parat in Form von Brausetabletten. Die Brausetabletten liegen als Fluimucil Grippe Day (<a href=\"http:\/\/www.fluimucil-erkaeltungshusten.ch\/de\/Faq\/Glossar#a\" target=\"_self\">Acetylcystein<\/a>,\u00a0<a href=\"http:\/\/www.fluimucil-erkaeltungshusten.ch\/de\/Faq\/Glossar#p\" target=\"_self\">Paracetamol<\/a>\u00a0und Pseudoephedrinhydrochlorid) f\u00fcr die Anwendung w\u00e4hrend des Tages und als Fluimucil Grippe Night (<a href=\"http:\/\/www.fluimucil-erkaeltungshusten.ch\/de\/Faq\/Glossar#p\" target=\"_self\">Paracetamol<\/a>\u00a0und Chlorphenaminmaleat) f\u00fcr die Anwendung w\u00e4hrend der Nacht vor.[\/vc_column_text][\/vc_accordion_tab][vc_accordion_tab title=&#8220;WANN WIRD ES ANGEWENDET&#8220;][vc_column_text css=&#8220;.vc_custom_1513159696144{margin-bottom: 0px !important;}&#8220;]<strong>Erwachsene und Jugendliche ab 12 Jahren und\u00a0 \u00fcber 40 kg K\u00f6rpergewicht:<\/strong><\/p>\n<p><strong>Fluimucil Grippe Day<\/strong>: 1 Brausetablette 3-mal t\u00e4glich (morgens, mittags, nachmittags), in einem Glas Wasser (kalt oder heiss) aufl\u00f6sen und trinken. Zwischen den Einnahmen ist ein\u00a0 Abstand von mindestens 4 Stunden einzuhalten. Fluimucil Grippe Day nicht w\u00e4hrend der Nacht einnehmen.<\/p>\n<p><strong>Fluimucil Grippe Night<\/strong>: 1 Brausetablette abends vor dem Schlafengehen in einem Glas Wasser (kalt oder heiss) aufl\u00f6sen und trinken. Fluimucil Grippe Night nicht w\u00e4hrend des Tages einnehmen.<\/p>\n<p>Fluimucil Grippe Day &amp; Night sollte ohne \u00e4rztliche Anweisung nicht l\u00e4nger als an 4 aufeinander folgenden Tagen eingenommen werden.[\/vc_column_text][\/vc_accordion_tab][vc_accordion_tab title=&#8220;WOZU DIENT ES&#8220;][vc_column_text css=&#8220;.vc_custom_1513159717599{margin-bottom: 0px !important;}&#8220;]Im Falle von\u00a0<a class=\"actived\" href=\"http:\/\/www.fluimucil-erkaeltungshusten.ch\/de\/Faq\/Glossar#g\" target=\"_self\">Erk\u00e4ltungen<\/a>\u00a0und\u00a0<a class=\"actived\" href=\"http:\/\/www.fluimucil-erkaeltungshusten.ch\/de\/Faq\/Glossar#g\" target=\"_self\">grippalen Erkrankungen<\/a>, die mit der Bildung von z\u00e4hem\u00a0<a class=\"actived\" href=\"http:\/\/www.fluimucil-erkaeltungshusten.ch\/de\/Faq\/Glossar#s\" target=\"_self\">Schleim<\/a>\u00a0in den Atemwegen einhergehen und von\u00a0<a class=\"actived\" href=\"http:\/\/www.fluimucil-erkaeltungshusten.ch\/de\/Faq\/Glossar#f\" target=\"_self\">Fieber<\/a>, Gliederschmerzen und verstopfter Nase begleitet werden lindert Fluimucil Grippe Day &amp; Night die Symptome, indem es sich den unterschiedlichen Tages- und Nachtbed\u00fcrfnissen anpasst.[\/vc_column_text][\/vc_accordion_tab][vc_accordion_tab title=&#8220;WAS IST DARIN ENTHALTEN&#8220;][vc_column_text css=&#8220;.vc_custom_1513159740747{margin-bottom: 0px !important;}&#8220;]Eine Brausetablette\u00a0<strong>Fluimucil Grippe Day\u00a0<\/strong>enth\u00e4lt die Wirkstoffe: 200 mg\u00a0<a class=\"actived\" href=\"http:\/\/www.fluimucil-erkaeltungshusten.ch\/de\/Faq\/Glossar#a\" target=\"_self\">Acetylcystein<\/a>, 500 mg\u00a0<a class=\"actived\" href=\"http:\/\/www.fluimucil-erkaeltungshusten.ch\/de\/Faq\/Glossar#p\" target=\"_self\">Paracetamol<\/a>, 40 mg Pseudoephedrinhydrochlorid sowie die Hilfsstoffe: Aspartam, Aromastoffe (Zitronenaroma) und weitere Hilfsstoffe.<\/p>\n<p>Eine Brausetablette\u00a0<strong>Fluimucil Grippe Night\u00a0<\/strong>enth\u00e4lt die Wirkstoffe: 500 mg\u00a0<a class=\"actived\" href=\"http:\/\/www.fluimucil-erkaeltungshusten.ch\/de\/Faq\/Glossar#p\" target=\"_self\">Paracetamol<\/a>, 4 mg Chlorphenaminmaleat sowie die Hilfsstoffe: Aspartam, Aromastoffe (Zitronenaroma) und weitere Hilfsstoffe.<\/p>\n<p>Bei salzarmer Di\u00e4t ist zu beachten, dass die Brausetabletten Natrium enthalten (Fluimucil Grippe Day: 1 Tablette enth\u00e4lt etwa 274 mg Natrium [entspricht 700 mg Kochsalz], Fluimucil Grippe Night: 1 Tablette enth\u00e4lt etwa 300 mg Natrium [entspricht 770 mg Kochsalz]).[\/vc_column_text][\/vc_accordion_tab][vc_accordion_tab title=&#8220;WIE FUNKTIONIERT ES&#8220;][vc_column_text css=&#8220;.vc_custom_1513159759433{margin-bottom: 0px !important;}&#8220;]<strong>Fluimucil Grippe Day\u00a0<\/strong>enth\u00e4lt drei Wirkstoffe, die fiebersenkend, schmerzlindernd wirken und den\u00a0<a class=\"actived\" href=\"http:\/\/www.fluimucil-erkaeltungshusten.ch\/de\/Faq\/Glossar#s\" target=\"_self\">Schleim<\/a>\u00a0l\u00f6sen, welcher sich in den Atemwegen staut. Dadurch wird der\u00a0<a class=\"actived\" href=\"http:\/\/www.fluimucil-erkaeltungshusten.ch\/de\/Faq\/Glossar#a\" target=\"_self\">Auswurf<\/a>\u00a0sowie das\u00a0<a class=\"actived\" href=\"http:\/\/www.fluimucil-erkaeltungshusten.ch\/de\/Faq\/Glossar#a\" target=\"_self\">Abschwellen<\/a>\u00a0der Nasen- und Brionchialschleimhaut gef\u00f6rdert und so die\u00a0<a class=\"actived\" href=\"http:\/\/www.fluimucil-erkaeltungshusten.ch\/de\/Faq\/Glossar#a\" target=\"_self\">Atmung<\/a>\u00a0erleichtert.<\/p>\n<p><strong>Fluimucil Grippe Night<\/strong>\u00a0enth\u00e4lt hingegen zwei Wirkstoffe, die fiebersenkend (<a class=\"actived\" href=\"http:\/\/www.fluimucil-erkaeltungshusten.ch\/de\/Faq\/Glossar#a\" target=\"_self\">antipyretisch<\/a>) und schmerzlindernd (<a class=\"actived\" href=\"http:\/\/www.fluimucil-erkaeltungshusten.ch\/de\/Faq\/Glossar#a\" target=\"_self\">analgetisch<\/a>) wirken, zus\u00e4tzliche f\u00f6rdert die leicht\u00a0<a class=\"actived\" href=\"http:\/\/www.fluimucil-erkaeltungshusten.ch\/de\/Faq\/Glossar#h\" target=\"_self\">hustenlindernde<\/a>\u00a0Wirkung den n\u00e4chtlichen Schlaf und damit Ihre Erholung.[\/vc_column_text][\/vc_accordion_tab][vc_accordion_tab title=&#8220;DER WIRKSTOFF&#8220;][vc_column_text css=&#8220;.vc_custom_1513159777594{margin-bottom: 0px !important;}&#8220;]<a class=\"actived\" href=\"http:\/\/www.fluimucil-erkaeltungshusten.ch\/de\/Faq\/Glossar#p\" target=\"_self\">Paracetamol<\/a>\u00a0(Day &amp; Night) wirkt\u00a0<a class=\"actived\" href=\"http:\/\/www.fluimucil-erkaeltungshusten.ch\/de\/Faq\/Glossar#a\" target=\"_self\">antipyretisch<\/a>\u00a0und senkt somit das\u00a0<a class=\"actived\" href=\"http:\/\/www.fluimucil-erkaeltungshusten.ch\/de\/Faq\/Glossar#f\" target=\"_self\">Fieber<\/a>; zudem hilft die\u00a0<a class=\"actived\" href=\"http:\/\/www.fluimucil-erkaeltungshusten.ch\/de\/Faq\/Glossar#a\" target=\"_self\">analgetische<\/a>\u00a0Wirkung die grippetypischen Gliederschmerzen zu lindern.\u00a0<a class=\"actived\" href=\"http:\/\/www.fluimucil-erkaeltungshusten.ch\/de\/Faq\/Glossar#a\" target=\"_self\">Acetylcystein<\/a>\u00a0(Day) verfl\u00fcssigt und l\u00f6st den z\u00e4hen\u00a0<a class=\"actived\" href=\"http:\/\/www.fluimucil-erkaeltungshusten.ch\/de\/Faq\/Glossar#s\" target=\"_self\">Schleim<\/a>, der sich in den Atemwegen staut.<\/p>\n<p>Pseudoephedrinhydrochlorid (Day) hilft, die Nasen- und Bronchialschleimhaut\u00a0<a class=\"actived\" href=\"http:\/\/www.fluimucil-erkaeltungshusten.ch\/de\/Faq\/Glossar#a\" target=\"_self\">abzuschwellen<\/a>. Die Chlorphenaminmaleat (Nacht) besitzt eine leichte hustenstillende Wirkung, die einen erholsamen Schlaf f\u00f6rdert.[\/vc_column_text][\/vc_accordion_tab][\/vc_accordions][mk_button dimension=&#8220;flat&#8220; corner_style=&#8220;full_rounded&#8220; size=&#8220;medium&#8220; url=&#8220;http:\/\/www.swissmedicinfo.ch\/ShowText.aspx?textType=PI&amp;lang=de&amp;authNr=57256&#8243; target=&#8220;_blank&#8220; margin_top=&#8220;15&#8243; margin_right=&#8220;0&#8243; bg_color=&#8220;#00768e&#8220; btn_hover_bg=&#8220;rgba(0,118,142,0.75)&#8220;]Wenden Sie sich an eine Fachperson und lesen Sie die Packungsbeilage[\/mk_button][\/vc_column][vc_column width=&#8220;1\/12&#8243;][\/vc_column][vc_column width=&#8220;3\/12&#8243;][vc_single_image image=&#8220;2708&#8243; img_size=&#8220;full&#8220; alignment=&#8220;center&#8220;][\/vc_column][\/vc_row]\n<\/div>","protected":false},"excerpt":{"rendered":"<p>[mk_page_section vertical_align=&#8220;center&#8220; bg_image=&#8220;https:\/\/www.fluimucil-erkaeltungshusten.ch\/wp-content\/uploads\/2017\/11\/bottomteaser.png&#8220; bg_position=&#8220;center bottom&#8220; bg_repeat=&#8220;no-repeat&#8220; min_height=&#8220;350&#8243; padding_top=&#8220;120&#8243; padding_bottom=&#8220;0&#8243; sidebar=&#8220;sidebar-1&#8243;][vc_column][vc_single_image image=&#8220;2707&#8243; img_size=&#8220;full&#8220; alignment=&#8220;center&#8220;][mk_fancy_title tag_name=&#8220;h5&#8243; color=&#8220;#007f91&#8243; font_weight=&#8220;bold&#8220; margin_top=&#8220;20&#8243; margin_bottom=&#8220;15&#8243; font_family=&#8220;none&#8220; align=&#8220;center&#8220;]FLUIMUCIL GRIPPE DAY &amp; NIGHT[\/mk_fancy_title][\/vc_column][\/mk_page_section][vc_row css=&#8220;.vc_custom_1511777482396{padding-top: 20px !important;padding-left: 10px !important;background-color: #e8f3f5 !important;}&#8220;][vc_column][mk_fancy_title tag_name=&#8220;h1&#8243; color=&#8220;#005982&#8243; size=&#8220;22&#8243; font_weight=&#8220;bold&#8220; letter_spacing=&#8220;1&#8243; font_family=&#8220;none&#8220;]FLUIMUCIL GRIPPE DAY &amp; NIGHT[\/mk_fancy_title][\/vc_column][\/vc_row][vc_row css=&#8220;.vc_custom_1511777488502{padding-left: 10px !important;background-color: #e8f3f5 !important;}&#8220;][vc_column width=&#8220;2\/3&#8243;][mk_fancy_title color=&#8220;#005b85&#8243; size=&#8220;20&#8243; font_weight=&#8220;bold&#8220; letter_spacing=&#8220;1&#8243; font_family=&#8220;none&#8220;]EIGENSCHAFTEN[\/mk_fancy_title][vc_single_image image=&#8220;17267&#8243; img_size=&#8220;full&#8220;][mk_fancy_title color=&#8220;#005b85&#8243; [&hellip;]<\/p>\n","protected":false},"author":2,"featured_media":0,"parent":1742,"menu_order":0,"comment_status":"closed","ping_status":"closed","template":"","meta":{"_monsterinsights_skip_tracking":false,"_monsterinsights_sitenote_active":false,"_monsterinsights_sitenote_note":"","_monsterinsights_sitenote_category":0,"footnotes":""},"categories":[],"tags":[],"yst_prominent_words":[306,302,308,894,304,892,143,846,298,893,303,146,307,301,300,310,299,891,305,309],"class_list":["post-1804","page","type-page","status-publish","hentry"],"_links":{"self":[{"href":"https:\/\/www.fluimucil-erkaeltungshusten.ch\/de\/wp-json\/wp\/v2\/pages\/1804","targetHints":{"allow":["GET"]}}],"collection":[{"href":"https:\/\/www.fluimucil-erkaeltungshusten.ch\/de\/wp-json\/wp\/v2\/pages"}],"about":[{"href":"https:\/\/www.fluimucil-erkaeltungshusten.ch\/de\/wp-json\/wp\/v2\/types\/page"}],"author":[{"embeddable":true,"href":"https:\/\/www.fluimucil-erkaeltungshusten.ch\/de\/wp-json\/wp\/v2\/users\/2"}],"replies":[{"embeddable":true,"href":"https:\/\/www.fluimucil-erkaeltungshusten.ch\/de\/wp-json\/wp\/v2\/comments?post=1804"}],"version-history":[{"count":0,"href":"https:\/\/www.fluimucil-erkaeltungshusten.ch\/de\/wp-json\/wp\/v2\/pages\/1804\/revisions"}],"up":[{"embeddable":true,"href":"https:\/\/www.fluimucil-erkaeltungshusten.ch\/de\/wp-json\/wp\/v2\/pages\/1742"}],"wp:attachment":[{"href":"https:\/\/www.fluimucil-erkaeltungshusten.ch\/de\/wp-json\/wp\/v2\/media?parent=1804"}],"wp:term":[{"taxonomy":"category","embeddable":true,"href":"https:\/\/www.fluimucil-erkaeltungshusten.ch\/de\/wp-json\/wp\/v2\/categories?post=1804"},{"taxonomy":"post_tag","embeddable":true,"href":"https:\/\/www.fluimucil-erkaeltungshusten.ch\/de\/wp-json\/wp\/v2\/tags?post=1804"},{"taxonomy":"yst_prominent_words","embeddable":true,"href":"https:\/\/www.fluimucil-erkaeltungshusten.ch\/de\/wp-json\/wp\/v2\/yst_prominent_words?post=1804"}],"curies":[{"name":"wp","href":"https:\/\/api.w.org\/{rel}","templated":true}]}}