{"id":1773,"date":"2017-11-27T13:58:25","date_gmt":"2017-11-27T12:58:25","guid":{"rendered":"https:\/\/www.fluimucil-erkaeltungshusten.ch\/produkte\/fluimucil-tosse-grassa\/sciroppo\/"},"modified":"2019-07-18T11:38:24","modified_gmt":"2019-07-18T09:38:24","slug":"sirup","status":"publish","type":"page","link":"https:\/\/www.fluimucil-erkaeltungshusten.ch\/de\/produkte\/fluimucil-erkaeltungshusten\/sirup\/","title":{"rendered":"Sirup"},"content":{"rendered":"<div class=\"wpb-content-wrapper\">[mk_page_section vertical_align=&#8220;center&#8220; bg_image=&#8220;https:\/\/www.fluimucil-erkaeltungshusten.ch\/wp-content\/uploads\/2017\/11\/bottomteaser.png&#8220; bg_position=&#8220;center bottom&#8220; bg_repeat=&#8220;no-repeat&#8220; min_height=&#8220;350&#8243; padding_top=&#8220;120&#8243; padding_bottom=&#8220;20&#8243; sidebar=&#8220;sidebar-1&#8243;][vc_column][mk_imagebox show_as=&#8220;column&#8220; column=&#8220;5&#8243; padding=&#8220;5&#8243;][mk_imagebox_item item_image=&#8220;https:\/\/www.fluimucil-erkaeltungshusten.ch\/wp-content\/uploads\/2017\/12\/compresse-effervescenti_de.png&#8220; image_padding=&#8220;false&#8220; background_color=&#8220;&#8220; item_title=&#8220;FLUIMUCIL ERK\u00c4LTUNGSHUSTEN<br \/>\nBRAUSETABLETTEN<br \/>\n200 mg und 600 mg&#8220; title_text_size=&#8220;11&#8243; title_font_weight=&#8220;bold&#8220; title_color=&#8220;#007f91&#8243; btn_text=&#8220;Erfahren Sie mehr&#8220; btn_url=&#8220;\/de\/produkte\/fluimucil-erkaeltungshusten\/brausetabletten&#8220; btn_background_color=&#8220;#007f91&#8243; btn_text_color=&#8220;#ffffff&#8220; btn_hover_background_color=&#8220;rgba(0,127,145,0.75)&#8220; el_class=&#8220;clickable-imagebox&#8220;][\/mk_imagebox_item][mk_imagebox_item item_image=&#8220;https:\/\/www.fluimucil-erkaeltungshusten.ch\/wp-content\/uploads\/2017\/12\/granulare_de.png&#8220; image_padding=&#8220;false&#8220; background_color=&#8220;&#8220; item_title=&#8220;FLUIMUCIL ERK\u00c4LTUNGSHUSTEN<br \/>\nGRANULAT<br \/>\n200 mg und 600 mg&#8220; title_text_size=&#8220;11&#8243; title_font_weight=&#8220;bold&#8220; title_color=&#8220;#007f91&#8243; btn_text=&#8220;Erfahren Sie mehr&#8220; btn_url=&#8220;\/de\/produkte\/fluimucil-erkaeltungshusten\/granulat&#8220; btn_background_color=&#8220;#007f91&#8243; btn_text_color=&#8220;#ffffff&#8220; btn_hover_background_color=&#8220;rgba(0,127,145,0.75)&#8220; el_class=&#8220;clickable-imagebox&#8220;][\/mk_imagebox_item][mk_imagebox_item item_image=&#8220;https:\/\/www.fluimucil-erkaeltungshusten.ch\/wp-content\/uploads\/2017\/12\/compresse_de.png&#8220; image_padding=&#8220;false&#8220; background_color=&#8220;&#8220; item_title=&#8220;FLUIMUCIL ERK\u00c4LTUNGSHUSTEN<br \/>\nTABLETTEN<br \/>\n600 mg&#8220; title_text_size=&#8220;11&#8243; title_font_weight=&#8220;bold&#8220; title_color=&#8220;#007f91&#8243; btn_text=&#8220;Erfahren Sie mehr&#8220; btn_url=&#8220;\/de\/produkte\/fluimucil-erkaeltungshusten\/tabletten&#8220; btn_background_color=&#8220;#007f91&#8243; btn_text_color=&#8220;#ffffff&#8220; btn_hover_background_color=&#8220;rgba(0,127,145,0.75)&#8220; el_class=&#8220;clickable-imagebox&#8220;][\/mk_imagebox_item][mk_imagebox_item item_image=&#8220;https:\/\/www.fluimucil-erkaeltungshusten.ch\/wp-content\/uploads\/2017\/12\/compresse-linguali_de.png&#8220; image_padding=&#8220;false&#8220; background_color=&#8220;&#8220; item_title=&#8220;FLUIMUCIL ERK\u00c4LTUNGSHUSTEN<br \/>\nLINGUALTABLETTEN<br \/>\n200 mg&#8220; title_text_size=&#8220;11&#8243; title_font_weight=&#8220;bold&#8220; title_color=&#8220;#007f91&#8243; btn_text=&#8220;Erfahren Sie mehr&#8220; btn_url=&#8220;\/de\/produkte\/fluimucil-erkaeltungshusten\/lingualtabletten&#8220; btn_background_color=&#8220;#007f91&#8243; btn_text_color=&#8220;#ffffff&#8220; btn_hover_background_color=&#8220;rgba(0,127,145,0.75)&#8220; el_class=&#8220;clickable-imagebox&#8220;][\/mk_imagebox_item][mk_imagebox_item item_image=&#8220;https:\/\/www.fluimucil-erkaeltungshusten.ch\/wp-content\/uploads\/2017\/12\/sciroppo_de.png&#8220; image_padding=&#8220;false&#8220; background_color=&#8220;rgba(0,127,145,0.15)&#8220; item_title=&#8220;FLUIMUCIL ERK\u00c4LTUNGSHUSTEN<br \/>\nFERTIGSIRUP<br \/>\n100 ml und 200 ml&#8220; title_text_size=&#8220;11&#8243; title_font_weight=&#8220;bold&#8220; title_color=&#8220;#007f91&#8243; btn_text=&#8220;Erfahren Sie mehr&#8220; btn_url=&#8220;\/de\/produkte\/fluimucil-erkaeltungshusten\/sirup&#8220; btn_background_color=&#8220;#007f91&#8243; btn_text_color=&#8220;#ffffff&#8220; btn_hover_background_color=&#8220;rgba(0,127,145,0.75)&#8220; el_class=&#8220;clickable-imagebox&#8220;][\/mk_imagebox_item][\/mk_imagebox][\/vc_column][\/mk_page_section][vc_row css=&#8220;.vc_custom_1511777482396{padding-top: 20px !important;padding-left: 10px !important;background-color: #e8f3f5 !important;}&#8220;][vc_column][mk_fancy_title tag_name=&#8220;h1&#8243; color=&#8220;#005982&#8243; size=&#8220;22&#8243; font_weight=&#8220;bold&#8220; letter_spacing=&#8220;1&#8243; font_family=&#8220;none&#8220;]FLUIMUCIL ERK\u00c4LTUNGSHUSTEN FERTIGSIRUP 100\u00a0ml und 200 ml[\/mk_fancy_title][\/vc_column][\/vc_row][vc_row css=&#8220;.vc_custom_1511777488502{padding-left: 10px !important;background-color: #e8f3f5 !important;}&#8220;][vc_column width=&#8220;2\/3&#8243;][mk_fancy_title color=&#8220;#005b85&#8243; size=&#8220;20&#8243; font_weight=&#8220;bold&#8220; letter_spacing=&#8220;1&#8243; font_family=&#8220;none&#8220;]EIGENSCHAFTEN[\/mk_fancy_title][vc_single_image image=&#8220;17264&#8243; img_size=&#8220;full&#8220;][mk_fancy_title color=&#8220;#005b85&#8243; size=&#8220;20&#8243; font_weight=&#8220;bold&#8220; letter_spacing=&#8220;1&#8243; font_family=&#8220;none&#8220;]MEHR ZU DIESEM THEMA[\/mk_fancy_title][vc_accordions action_style=&#8220;toggle-action&#8220; container_bg_color=&#8220;#e8f3f5&#8243; responsive=&#8220;false&#8220;][vc_accordion_tab title=&#8220;WAS IST FLUIMUCIL ERK\u00c4LTUNGSHUSTEN&#8220;][vc_column_text css=&#8220;.vc_custom_1513154229523{margin-bottom: 0px !important;}&#8220;]Es ist ein Pr\u00e4parat auf Basis von\u00a0<a href=\"http:\/\/www.fluimucil-erkaeltungshusten.ch\/de\/Faq\/Glossar#a\" target=\"_self\">Acetylcystein<\/a>, das den z\u00e4hen\u00a0<a href=\"http:\/\/www.fluimucil-erkaeltungshusten.ch\/de\/Faq\/Glossar#s\" target=\"_self\">Schleim<\/a>\u00a0bei\u00a0<a href=\"http:\/\/www.fluimucil-erkaeltungshusten.ch\/de\/Faq\/Glossar#e\" target=\"_self\">Erk\u00e4ltungshusten<\/a>\u00a0l\u00f6st.[\/vc_column_text][\/vc_accordion_tab][vc_accordion_tab title=&#8220;WANN WIRD ES ANGEWENDET&#8220;][vc_column_text css=&#8220;.vc_custom_1513155709545{margin-bottom: 0px !important;}&#8220;]<strong>Kinder von 2 bis 12 Jahren<\/strong>: 3-mal t\u00e4glich 5 ml (100 mg) des Fertigsirups.<\/p>\n<p><strong>Jugendliche \u00fcber 12 Jahre und Erwachsene<\/strong>: 3-mal t\u00e4glich 10 ml (200 mg) des Fertigsirups.<\/p>\n<p>Bei\u00a0<a class=\"actived\" href=\"http:\/\/www.fluimucil-erkaeltungshusten.ch\/de\/Faq\/Glossar#h\" target=\"_self\">Husten<\/a>, der l\u00e4nger als 2 Wochen anh\u00e4lt, sollte ein Arzt oder Apotheker konsultiert werden.[\/vc_column_text][\/vc_accordion_tab][vc_accordion_tab title=&#8220;WOZU DIENT ES&#8220;][vc_column_text css=&#8220;.vc_custom_1513155795432{margin-bottom: 0px !important;}&#8220;]Fluimucil Erk\u00e4ltungshusten Fertigsirup l\u00f6st den z\u00e4hen, festsitzenden\u00a0<a class=\"actived\" href=\"http:\/\/www.fluimucil-erkaeltungshusten.ch\/de\/Faq\/Glossar#s\" target=\"_self\">Schleim<\/a> in den Atemwegen und f\u00f6rdert seinen\u00a0<a class=\"actived\" href=\"http:\/\/www.fluimucil-erkaeltungshusten.ch\/de\/Faq\/Glossar#a\" target=\"_self\">Auswurf<\/a>.[\/vc_column_text][\/vc_accordion_tab][vc_accordion_tab title=&#8220;WAS IST DARIN ENTHALTEN&#8220;][vc_column_text css=&#8220;.vc_custom_1513155735152{margin-bottom: 0px !important;}&#8220;]Fluimucil Erk\u00e4ltungshusten als Fertigsirup enth\u00e4lt (pro 5 ml) den Wirkstoff\u00a0<a class=\"actived\" href=\"http:\/\/www.fluimucil-erkaeltungshusten.ch\/de\/Faq\/Glossar#a\" target=\"_self\">Acetylcystein<\/a>\u00a0100 mg, die Hilfsstoffe Saccharinum, Natriumcyclamat, Aromastoffe, die Konservierungsmittel Methyl-4-hydroxybenzoat (E218) und Natriumbenzoat (E211) sowie weitere Hilfsstoffe.[\/vc_column_text][\/vc_accordion_tab][vc_accordion_tab title=&#8220;WIE FUNKTIONIERT ES&#8220;][vc_column_text css=&#8220;.vc_custom_1513154986562{margin-bottom: 0px !important;}&#8220;]Fluimucil Erk\u00e4ltungshusten verfl\u00fcssigt und l\u00f6st dank seines Wirkstoffs den z\u00e4hen, festsitzenden\u00a0<a class=\"actived\" href=\"http:\/\/www.fluimucil-erkaeltungshusten.ch\/de\/Faq\/Glossar#s\" target=\"_self\">Schleim<\/a>\u00a0in den Atemwegen und f\u00f6rdert den\u00a0<a class=\"actived\" href=\"http:\/\/www.fluimucil-erkaeltungshusten.ch\/de\/Faq\/Glossar#a\" target=\"_self\">Auswurf<\/a>.<\/p>\n<p>Das auf der Schleimhaut der Atemwege vorhandene Sekret spielt eine wichtige Rolle bei der Abwehr von eingeatmeten Schadstoffen, wie Bakterien, Staub und chemischen Verunreinigungen.<\/p>\n<p>Diese\u00a0<a class=\"actived\" href=\"http:\/\/www.fluimucil-erkaeltungshusten.ch\/de\/Faq\/Glossar#r\" target=\"_self\">Reizstoffe<\/a>\u00a0werden im\u00a0 Sekret festgehalten, wo sie unsch\u00e4dlich gemacht und mit dem\u00a0<a class=\"actived\" href=\"http:\/\/www.fluimucil-erkaeltungshusten.ch\/de\/Faq\/Glossar#a\" target=\"_self\">Auswurf<\/a>\u00a0ausgeschieden werden. Die z\u00e4hen Sekrete\u00a0 werden dank der\u00a0<a class=\"actived\" href=\"http:\/\/www.fluimucil-erkaeltungshusten.ch\/de\/Faq\/Glossar#m\">schleiml\u00f6senden<\/a>\u00a0Wirkung verfl\u00fcssigt und k\u00f6nnen so besser abgehustet werden. Dadurch wird die Gefahr einer Infektion vermindert. Bei freien Atemwegen l\u00e4sst der\u00a0<a class=\"actived\" href=\"http:\/\/www.fluimucil-erkaeltungshusten.ch\/de\/Faq\/Glossar#h\" target=\"_self\">Husten<\/a>\u00a0nach und die\u00a0<a class=\"actived\" href=\"http:\/\/www.fluimucil-erkaeltungshusten.ch\/de\/Faq\/Glossar#a\" target=\"_self\">Atmung<\/a>\u00a0wird erleichtert.[\/vc_column_text][\/vc_accordion_tab][vc_accordion_tab title=&#8220;DER WIRKSTOFF&#8220;][vc_column_text css=&#8220;.vc_custom_1513154332007{margin-bottom: 0px !important;}&#8220;]Fluimucil Erk\u00e4ltungshusten enth\u00e4lt den Wirkstoff\u00a0<a class=\"actived\" href=\"http:\/\/www.fluimucil-erkaeltungshusten.ch\/de\/Faq\/Glossar#a\" target=\"_self\">Acetylcystein<\/a>, ein Derivat des Cysteins, das\u00a0<a class=\"actived\" href=\"http:\/\/www.fluimucil-erkaeltungshusten.ch\/de\/Faq\/Glossar#m\">schleiml\u00f6sende<\/a>\u00a0Eigenschaften besitzt.[\/vc_column_text][\/vc_accordion_tab][\/vc_accordions][mk_button dimension=&#8220;flat&#8220; corner_style=&#8220;full_rounded&#8220; size=&#8220;medium&#8220; url=&#8220;http:\/\/www.swissmedicinfo.ch\/ShowText.aspx?textType=PI&amp;lang=de&amp;authNr=54081&#8243; target=&#8220;_blank&#8220; margin_top=&#8220;15&#8243; margin_right=&#8220;0&#8243; bg_color=&#8220;#00768e&#8220; btn_hover_bg=&#8220;rgba(0,118,142,0.75)&#8220;]Wenden Sie sich an eine Fachperson und lesen Sie die Packungsbeilage[\/mk_button][\/vc_column][vc_column width=&#8220;1\/12&#8243;][\/vc_column][vc_column width=&#8220;3\/12&#8243;][vc_single_image image=&#8220;2524&#8243; img_size=&#8220;full&#8220; alignment=&#8220;center&#8220;][\/vc_column][\/vc_row]\n<\/div>","protected":false},"excerpt":{"rendered":"<p>[mk_page_section vertical_align=&#8220;center&#8220; bg_image=&#8220;https:\/\/www.fluimucil-erkaeltungshusten.ch\/wp-content\/uploads\/2017\/11\/bottomteaser.png&#8220; bg_position=&#8220;center bottom&#8220; bg_repeat=&#8220;no-repeat&#8220; min_height=&#8220;350&#8243; padding_top=&#8220;120&#8243; padding_bottom=&#8220;20&#8243; sidebar=&#8220;sidebar-1&#8243;][vc_column][mk_imagebox show_as=&#8220;column&#8220; column=&#8220;5&#8243; padding=&#8220;5&#8243;][mk_imagebox_item item_image=&#8220;https:\/\/www.fluimucil-erkaeltungshusten.ch\/wp-content\/uploads\/2017\/12\/compresse-effervescenti_de.png&#8220; image_padding=&#8220;false&#8220; background_color=&#8220;&#8220; item_title=&#8220;FLUIMUCIL ERK\u00c4LTUNGSHUSTEN BRAUSETABLETTEN 200 mg und 600 mg&#8220; title_text_size=&#8220;11&#8243; title_font_weight=&#8220;bold&#8220; title_color=&#8220;#007f91&#8243; btn_text=&#8220;Erfahren Sie mehr&#8220; btn_url=&#8220;\/de\/produkte\/fluimucil-erkaeltungshusten\/brausetabletten&#8220; btn_background_color=&#8220;#007f91&#8243; btn_text_color=&#8220;#ffffff&#8220; btn_hover_background_color=&#8220;rgba(0,127,145,0.75)&#8220; el_class=&#8220;clickable-imagebox&#8220;][\/mk_imagebox_item][mk_imagebox_item item_image=&#8220;https:\/\/www.fluimucil-erkaeltungshusten.ch\/wp-content\/uploads\/2017\/12\/granulare_de.png&#8220; image_padding=&#8220;false&#8220; background_color=&#8220;&#8220; item_title=&#8220;FLUIMUCIL ERK\u00c4LTUNGSHUSTEN GRANULAT 200 mg und 600 mg&#8220; title_text_size=&#8220;11&#8243; title_font_weight=&#8220;bold&#8220; title_color=&#8220;#007f91&#8243; btn_text=&#8220;Erfahren Sie mehr&#8220; btn_url=&#8220;\/de\/produkte\/fluimucil-erkaeltungshusten\/granulat&#8220; btn_background_color=&#8220;#007f91&#8243; btn_text_color=&#8220;#ffffff&#8220; [&hellip;]<\/p>\n","protected":false},"author":2,"featured_media":0,"parent":1772,"menu_order":0,"comment_status":"closed","ping_status":"closed","template":"","meta":{"_monsterinsights_skip_tracking":false,"_monsterinsights_sitenote_active":false,"_monsterinsights_sitenote_note":"","_monsterinsights_sitenote_category":0,"footnotes":""},"categories":[],"tags":[],"yst_prominent_words":[823,872,266,227,228,222,263,247,246,218,871,223,214,873,264,248,224,213,242,215],"class_list":["post-1773","page","type-page","status-publish","hentry"],"_links":{"self":[{"href":"https:\/\/www.fluimucil-erkaeltungshusten.ch\/de\/wp-json\/wp\/v2\/pages\/1773","targetHints":{"allow":["GET"]}}],"collection":[{"href":"https:\/\/www.fluimucil-erkaeltungshusten.ch\/de\/wp-json\/wp\/v2\/pages"}],"about":[{"href":"https:\/\/www.fluimucil-erkaeltungshusten.ch\/de\/wp-json\/wp\/v2\/types\/page"}],"author":[{"embeddable":true,"href":"https:\/\/www.fluimucil-erkaeltungshusten.ch\/de\/wp-json\/wp\/v2\/users\/2"}],"replies":[{"embeddable":true,"href":"https:\/\/www.fluimucil-erkaeltungshusten.ch\/de\/wp-json\/wp\/v2\/comments?post=1773"}],"version-history":[{"count":0,"href":"https:\/\/www.fluimucil-erkaeltungshusten.ch\/de\/wp-json\/wp\/v2\/pages\/1773\/revisions"}],"up":[{"embeddable":true,"href":"https:\/\/www.fluimucil-erkaeltungshusten.ch\/de\/wp-json\/wp\/v2\/pages\/1772"}],"wp:attachment":[{"href":"https:\/\/www.fluimucil-erkaeltungshusten.ch\/de\/wp-json\/wp\/v2\/media?parent=1773"}],"wp:term":[{"taxonomy":"category","embeddable":true,"href":"https:\/\/www.fluimucil-erkaeltungshusten.ch\/de\/wp-json\/wp\/v2\/categories?post=1773"},{"taxonomy":"post_tag","embeddable":true,"href":"https:\/\/www.fluimucil-erkaeltungshusten.ch\/de\/wp-json\/wp\/v2\/tags?post=1773"},{"taxonomy":"yst_prominent_words","embeddable":true,"href":"https:\/\/www.fluimucil-erkaeltungshusten.ch\/de\/wp-json\/wp\/v2\/yst_prominent_words?post=1773"}],"curies":[{"name":"wp","href":"https:\/\/api.w.org\/{rel}","templated":true}]}}