{"id":1726,"date":"2017-07-17T11:28:53","date_gmt":"2017-07-17T09:28:53","guid":{"rendered":"https:\/\/www.fluimucil-erkaeltungshusten.ch\/home\/"},"modified":"2025-04-01T15:52:54","modified_gmt":"2025-04-01T13:52:54","slug":"home","status":"publish","type":"page","link":"https:\/\/www.fluimucil-erkaeltungshusten.ch\/de\/","title":{"rendered":"Home"},"content":{"rendered":"<div class=\"wpb-content-wrapper\">[vc_row css=&#8220;.vc_custom_1511618761270{margin-top: 40px !important;}&#8220; el_class=&#8220;home-slider&#8220;][vc_column][mk_edge_slider first_el=&#8220;true&#8220; swiper_bg=&#8220;#ffffff&#8220; order=&#8220;ASC&#8220; orderby=&#8220;post__in&#8220; full_height=&#8220;false&#8220; height=&#8220;595&#8243; animation_effect=&#8220;horizontal_curtain&#8220; direction_nav=&#8220;round&#8220; pagination=&#8220;small_dot_stroke&#8220; skip_arrow=&#8220;false&#8220; disable_lazyload=&#8220;true&#8220; slides=&#8220;1249, 1251, 1253&#8243;][\/vc_column][\/vc_row][vc_row el_class=&#8220;product-row&#8220;][vc_column width=&#8220;1\/3&#8243;][vc_column_text css=&#8220;.vc_custom_1515677005173{margin-bottom: 0px !important;}&#8220;]\n<div class=\"wpb_single_image wpb_content_element vc_align_center round-image-overlay with-video\">\n<figure class=\"wpb_wrapper vc_figure\"><a class=\"vc_single_image-wrapper vc_box_border_grey\" href=\"#web-spot-de\" target=\"_self\" rel=\"wp-video-lightbox noopener\"><img loading=\"lazy\" decoding=\"async\" class=\"vc_single_image-img attachment-full\" src=\"\/wp-content\/uploads\/2018\/01\/sf_tossegrassa_de_2.png\" sizes=\"auto, (max-width: 280px) 100vw, 280px\" srcset=\"\/wp-content\/uploads\/2018\/01\/sf_tossegrassa_de_2.png 280w, \/wp-content\/uploads\/2018\/01\/sf_tossegrassa_de_2-150x150.png 150w&lt;!--, \/wp-content\/uploads\/2018\/01\/sf_tossegrassa_de_2-1024x1024.png 1024w--&gt;\" alt=\"\" usemap=\"#Map\" width=\"280\" height=\"280\" \/><\/a><\/figure>\n<map name=\"Map\"> <!--area coords=\"53,50,54\" shape=\"circle\" href=\"#ppsShowPopUp_105\" \/--> <\/p>\n<area coords=\"168,164,100\" shape=\"circle\" href=\"\/de\/produkte\/fluimucil-erkaeltungshusten\/brausetabletten\" \/> <\/map>\n<\/div>\n[\/vc_column_text][vc_wp_text]\n<div id=\"web-spot-de\" style=\"display: none;\">[vc_video host=&#8220;self_hosted&#8220; mp4=&#8220;https:\/\/play.vod2.infomaniak.com\/single\/1jhvl2uqmwdgf\/1jhvl2uq9o9pe\/1jhvl2uqmwdgl&#8220; webm=&#8220;https:\/\/play.vod2.infomaniak.com\/single\/1jhvl2uqmwdgf\/1jhvl2uq9o9pe\/1jhvl2uqmwdgl&#8220; poster_image=&#8220;\/wp-content\/uploads\/2022\/01\/preview_de_sd.png&#8220;]<\/div>\n[\/vc_wp_text][\/vc_column][vc_column width=&#8220;1\/3&#8243;][vc_single_image image=&#8220;1214&#8243; img_size=&#8220;full&#8220; alignment=&#8220;center&#8220; onclick=&#8220;custom_link&#8220; el_class=&#8220;round-image-overlay&#8220; link=&#8220;\/de\/Produkte\/Fluimucil-Grippe-Day-Night&#8220;][\/vc_column][vc_column width=&#8220;1\/3&#8243;][vc_single_image image=&#8220;17372&#8243; img_size=&#8220;full&#8220; alignment=&#8220;center&#8220; onclick=&#8220;custom_link&#8220; css=&#8220;&#8220; el_class=&#8220;round-image-overlay&#8220; link=&#8220;\/de\/Produkte\/Rinofluimucil&#8220;][\/vc_column][\/vc_row][vc_row column_padding=&#8220;5&#8243; el_class=&#8220;product-row&#8220; css=&#8220;.vc_custom_1511620167245{padding-top: 50px !important;}&#8220;][vc_column width=&#8220;1\/3&#8243; css=&#8220;.vc_custom_1511618002353{padding-right: 30px !important;padding-left: 30px !important;}&#8220;][mk_icon_box2 icon_type=&#8220;image&#8220; icon_size=&#8220;64&#8243; icon_image=&#8220;https:\/\/www.fluimucil-erkaeltungshusten.ch\/wp-content\/uploads\/2017\/11\/sintomi.jpg&#8220; title=&#8220;SYMPTOME UND BESCHWERDEN&#8220; title_color=&#8220;#007f91&#8243; description_color=&#8220;#007f91&#8243; read_more_url=&#8220;\/de\/Symptome-und-Beschwerden\/Erkaeltungshusten&#8220; el_class=&#8220;rounded-info-box&#8220;]<strong>Erkennen Sie die Signale Ihres K\u00f6rpers.<\/strong><\/p>\n<p>Sind Sie sicher, genug \u00fcber die Erkrankungen der Atemwege zu wissen? Informieren Sie sich \u00fcber die Ursachen, m\u00f6gliche Risikofaktoren und die Behandlungsm\u00f6glichkeiten dieser Erkrankungen.[\/mk_icon_box2][mk_button dimension=&#8220;flat&#8220; corner_style=&#8220;full_rounded&#8220; size=&#8220;medium&#8220; url=&#8220;\/de\/Symptome-und-Beschwerden\/Erkaeltungshusten&#8220; align=&#8220;center&#8220; el_class=&#8220;rounded-info-box-button&#8220; bg_color=&#8220;#007f91&#8243; btn_hover_bg=&#8220;rgba(0,127,145,0.75)&#8220;]Erfahren Sie mehr[\/mk_button][\/vc_column][vc_column width=&#8220;1\/3&#8243; css=&#8220;.vc_custom_1511618009880{padding-right: 30px !important;padding-left: 30px !important;}&#8220;][mk_icon_box2 icon_type=&#8220;image&#8220; icon_size=&#8220;64&#8243; icon_image=&#8220;https:\/\/www.fluimucil-erkaeltungshusten.ch\/wp-content\/uploads\/2017\/11\/prevenire.jpg&#8220; title=&#8220;WEITERE INFOS UND TIPPS&#8220; title_color=&#8220;#007f91&#8243; description_color=&#8220;#007f91&#8243; read_more_url=&#8220;\/de\/Weitere-Infos-und-Tipps\/Atemwege&#8220; el_class=&#8220;rounded-info-box&#8220;]<strong>Tipps und Wissenswertes.<\/strong><\/p>\n<p>Wissen Sie, dass die Atemwege in Ihrem K\u00f6rper enorm wichtig sind? Deshalb ist es sinnvoll, mehr dar\u00fcber zu wissen, wie man sie gesund erh\u00e4lt und wie man im Falle einer Erkrankung vorgeht.[\/mk_icon_box2][mk_button dimension=&#8220;flat&#8220; corner_style=&#8220;full_rounded&#8220; size=&#8220;medium&#8220; url=&#8220;\/de\/Weitere-Infos-und-Tipps\/Atemwege&#8220; align=&#8220;center&#8220; el_class=&#8220;rounded-info-box-button&#8220; bg_color=&#8220;#007f91&#8243; btn_hover_bg=&#8220;rgba(0,127,145,0.75)&#8220;]Erfahren Sie mehr[\/mk_button][\/vc_column][vc_column width=&#8220;1\/3&#8243; css=&#8220;.vc_custom_1511618016440{padding-right: 30px !important;padding-left: 30px !important;}&#8220;][mk_icon_box2 icon_type=&#8220;image&#8220; icon_size=&#8220;64&#8243; icon_image=&#8220;https:\/\/www.fluimucil-erkaeltungshusten.ch\/wp-content\/uploads\/2017\/11\/saperne.jpg&#8220; title=&#8220;MEHR ERFAHREN&#8220; title_color=&#8220;#007f91&#8243; description_color=&#8220;#007f91&#8243; read_more_url=&#8220;\/de\/Mehr-erfahren\/Muetter-und-Kinder&#8220; el_class=&#8220;rounded-info-box&#8220;]<strong>Vertiefungen nach Themen.<\/strong><\/p>\n<p>Erweitern Sie Ihr Wissen zu verschiedenen interessanten Themen.[\/mk_icon_box2][mk_button dimension=&#8220;flat&#8220; corner_style=&#8220;full_rounded&#8220; size=&#8220;medium&#8220; url=&#8220;\/de\/Mehr-erfahren\/Muetter-und-Kinder&#8220; align=&#8220;center&#8220; el_class=&#8220;rounded-info-box-button&#8220; bg_color=&#8220;#007f91&#8243; btn_hover_bg=&#8220;rgba(0,127,145,0.75)&#8220;]Erfahren Sie mehr[\/mk_button][\/vc_column][\/vc_row]\n<\/div>","protected":false},"excerpt":{"rendered":"<p>[vc_row css=&#8220;.vc_custom_1511618761270{margin-top: 40px !important;}&#8220; el_class=&#8220;home-slider&#8220;][vc_column][mk_edge_slider first_el=&#8220;true&#8220; swiper_bg=&#8220;#ffffff&#8220; order=&#8220;ASC&#8220; orderby=&#8220;post__in&#8220; full_height=&#8220;false&#8220; height=&#8220;595&#8243; animation_effect=&#8220;horizontal_curtain&#8220; direction_nav=&#8220;round&#8220; pagination=&#8220;small_dot_stroke&#8220; skip_arrow=&#8220;false&#8220; disable_lazyload=&#8220;true&#8220; slides=&#8220;1249, 1251, 1253&#8243;][\/vc_column][\/vc_row][vc_row el_class=&#8220;product-row&#8220;][vc_column width=&#8220;1\/3&#8243;][vc_column_text css=&#8220;.vc_custom_1515677005173{margin-bottom: 0px !important;}&#8220;] [\/vc_column_text][vc_wp_text] [vc_video host=&#8220;self_hosted&#8220; mp4=&#8220;https:\/\/play.vod2.infomaniak.com\/single\/1jhvl2uqmwdgf\/1jhvl2uq9o9pe\/1jhvl2uqmwdgl&#8220; webm=&#8220;https:\/\/play.vod2.infomaniak.com\/single\/1jhvl2uqmwdgf\/1jhvl2uq9o9pe\/1jhvl2uqmwdgl&#8220; poster_image=&#8220;\/wp-content\/uploads\/2022\/01\/preview_de_sd.png&#8220;] [\/vc_wp_text][\/vc_column][vc_column width=&#8220;1\/3&#8243;][vc_single_image image=&#8220;1214&#8243; img_size=&#8220;full&#8220; alignment=&#8220;center&#8220; onclick=&#8220;custom_link&#8220; el_class=&#8220;round-image-overlay&#8220; link=&#8220;\/de\/Produkte\/Fluimucil-Grippe-Day-Night&#8220;][\/vc_column][vc_column width=&#8220;1\/3&#8243;][vc_single_image image=&#8220;17372&#8243; img_size=&#8220;full&#8220; alignment=&#8220;center&#8220; onclick=&#8220;custom_link&#8220; css=&#8220;&#8220; el_class=&#8220;round-image-overlay&#8220; link=&#8220;\/de\/Produkte\/Rinofluimucil&#8220;][\/vc_column][\/vc_row][vc_row column_padding=&#8220;5&#8243; el_class=&#8220;product-row&#8220; css=&#8220;.vc_custom_1511620167245{padding-top: 50px !important;}&#8220;][vc_column width=&#8220;1\/3&#8243; css=&#8220;.vc_custom_1511618002353{padding-right: 30px !important;padding-left: [&hellip;]<\/p>\n","protected":false},"author":2,"featured_media":0,"parent":0,"menu_order":0,"comment_status":"closed","ping_status":"closed","template":"","meta":{"_monsterinsights_skip_tracking":false,"_monsterinsights_sitenote_active":false,"_monsterinsights_sitenote_note":"","_monsterinsights_sitenote_category":0,"footnotes":""},"categories":[],"tags":[],"yst_prominent_words":[118,113,121,115,109,108,119,122,112,116,120,110,114,117,111],"class_list":["post-1726","page","type-page","status-publish","hentry"],"_links":{"self":[{"href":"https:\/\/www.fluimucil-erkaeltungshusten.ch\/de\/wp-json\/wp\/v2\/pages\/1726","targetHints":{"allow":["GET"]}}],"collection":[{"href":"https:\/\/www.fluimucil-erkaeltungshusten.ch\/de\/wp-json\/wp\/v2\/pages"}],"about":[{"href":"https:\/\/www.fluimucil-erkaeltungshusten.ch\/de\/wp-json\/wp\/v2\/types\/page"}],"author":[{"embeddable":true,"href":"https:\/\/www.fluimucil-erkaeltungshusten.ch\/de\/wp-json\/wp\/v2\/users\/2"}],"replies":[{"embeddable":true,"href":"https:\/\/www.fluimucil-erkaeltungshusten.ch\/de\/wp-json\/wp\/v2\/comments?post=1726"}],"version-history":[{"count":0,"href":"https:\/\/www.fluimucil-erkaeltungshusten.ch\/de\/wp-json\/wp\/v2\/pages\/1726\/revisions"}],"wp:attachment":[{"href":"https:\/\/www.fluimucil-erkaeltungshusten.ch\/de\/wp-json\/wp\/v2\/media?parent=1726"}],"wp:term":[{"taxonomy":"category","embeddable":true,"href":"https:\/\/www.fluimucil-erkaeltungshusten.ch\/de\/wp-json\/wp\/v2\/categories?post=1726"},{"taxonomy":"post_tag","embeddable":true,"href":"https:\/\/www.fluimucil-erkaeltungshusten.ch\/de\/wp-json\/wp\/v2\/tags?post=1726"},{"taxonomy":"yst_prominent_words","embeddable":true,"href":"https:\/\/www.fluimucil-erkaeltungshusten.ch\/de\/wp-json\/wp\/v2\/yst_prominent_words?post=1726"}],"curies":[{"name":"wp","href":"https:\/\/api.w.org\/{rel}","templated":true}]}}