{"id":17222,"date":"2019-07-15T15:28:25","date_gmt":"2019-07-15T13:28:25","guid":{"rendered":"https:\/\/www.fluimucil-erkaeltungshusten.ch\/privacy-policy\/"},"modified":"2019-07-15T15:55:46","modified_gmt":"2019-07-15T13:55:46","slug":"datenschutzerklaerung","status":"publish","type":"page","link":"https:\/\/www.fluimucil-erkaeltungshusten.ch\/de\/datenschutzerklaerung\/","title":{"rendered":"Datenschutzerkl\u00e4rung"},"content":{"rendered":"<div class=\"wpb-content-wrapper\">[vc_row css=&#8220;.vc_custom_1563198942152{margin-top: 150px !important;padding-right: 20px !important;padding-left: 20px !important;}&#8220;][vc_column][vc_column_text]\n<h1 style=\"margin-top: 40px;\">Datenschutzerkl\u00e4rung<\/h1>\n<p><em>Letzte Aktualisierung: Juni 2019<\/em><\/p>\n<p>&nbsp;<\/p>\n<p>Auf dieser Seite werden die Modalit\u00e4ten beschrieben, gem\u00e4ss denen diese Website in Bezug auf die Verarbeitung der personenbezogenen Daten von die Website konsultierenden Benutzern verwaltet wird.<\/p>\n<p>Gem\u00e4ss dem Bundesgesetz \u00fcber den Datenschutz ist Zambon Schweiz AG die Inhaberin einer Datensammlung.<\/p>\n<p>Diese Bestimmungen gelten nur f\u00fcr die Website des Unternehmens und nicht auch f\u00fcr andere Websites, die vom Nutzer eventuell \u00fcber Links konsultiert werden.<\/p>\n<p>Die Website ist f\u00fcr Nutzer zug\u00e4nglich, ohne dass die eigenen personenbezogenen Daten angegeben werden m\u00fcssen; jedoch k\u00f6nnen nach Konsultation dieser Website Daten von identifizierten oder identifizierbaren Personen verarbeitet werden.<\/p>\n<p>&nbsp;<\/p>\n<h2><strong>ORT, ZWECK UND MODALIT\u00c4TEN DER DATENVERARBEITUNG<\/strong><\/h2>\n<p>Die mit den auf dieser Website angebotenen Webservices verbundenen Verarbeitungen werden am Hauptsitz der Zambon Schweiz AG und nur von Mitarbeitern oder Partnern der Zambon Schweiz AG durchgef\u00fchrt, die mit der Verarbeitung beauftragt sind.<\/p>\n<p>Die Datenverarbeitung kann auch von der Muttergesellschaft Zambon S.p.A., Via Lillo del Duca 10, 20091 Bresso (MI), oder von Personen durchgef\u00fchrt werden, die f\u00fcr gelegentliche Wartungsarbeiten verantwortlich sind. Die Datenschutzerkl\u00e4rung von Zambon S.p.A. finden Sie auf der Website <a href=\"http:\/\/www.zambon.com\/\" target=\"_blank\" rel=\"noopener\">www.zambon.com<\/a>.<\/p>\n<p>Es werden keine Daten \u00fcbermittelt oder verbreitet, die sich aus den Webservices ergeben.<\/p>\n<p>Die von Nutzern, die Anfragen nach Dienstleistungen stellen oder Bewerbungsangebote unterbreiten (\u201eLebenslauf\u201c usw.), zur Verf\u00fcgung gestellten personenbezogenen Daten werden nur zur Erbringung der angeforderten Dienstleistung oder Leistung verwendet und nicht an Dritte weitergegeben, es sei denn, die Weitergabe ist gesetzlich vorgeschrieben oder f\u00fcr die Erf\u00fcllung der Anfragen unbedingt erforderlich.<\/p>\n<p>Es steht dem Nutzer frei, der Gesellschaft personenbezogene Daten in den Antragsformularen zur Verf\u00fcgung zu stellen. Die Nichteingabe von Pflichtdaten, die mit einem Sternchen gekennzeichnet sind, kann die Verarbeitung der Daten und damit die Beantwortung der Anfrage unm\u00f6glich machen.<\/p>\n<p>&nbsp;<\/p>\n<h2><strong>ART DER VERARBEITETEN DATEN<\/strong><\/h2>\n<h3><strong>Surf-Daten<\/strong><\/h3>\n<p>Die Informatiksysteme und Softwareverfahren, die f\u00fcr den Betrieb dieser Website verwendet werden, erfassen w\u00e4hrend ihres normalen Betriebs einige personenbezogene Daten, deren \u00dcbertragung implizit mit der Verwendung von Internet-Kommunikationsprotokollen erfolgt.<\/p>\n<p>Diese Informationen werden nicht erfasst, um mit identifizierten Interessenten in Verbindung gebracht zu werden, sondern k\u00f6nnten ihrer Natur nach eine Identifizierung der Benutzer durch Verarbeitungen und Verkn\u00fcpfungen mit von Dritten gespeicherten Daten erm\u00f6glichen, die nur auf ausdr\u00fcckliche Anfrage der Justizbeh\u00f6rde erfolgen.<\/p>\n<p>Diese Datenkategorie umfasst IP-Adressen oder Dom\u00e4nennamen von Computern, die von Benutzern verwendet werden, die sich mit der Website verbinden, URI (Uniform Ressource Identifier) der angeforderten Ressourcen, den Zeitpunkt der Anforderung, das Verfahren zum \u00dcbermitteln der Anforderung an den Server, die Gr\u00f6sse der als Antwort erhaltenen Datei, den Zahlencode, der den Status der Antwort vom Server angibt (erfolgreich, Fehler usw.) und andere Parameter in Bezug auf das Betriebssystem und das Informatikumfeld des Benutzers.<\/p>\n<p>Diese Daten, die jedenfalls unmittelbar nach der Verarbeitung gel\u00f6scht werden, werden ausschliesslich zu dem Zweck verwendet, anonyme statistische Informationen \u00fcber die Nutzung der Website zu erhalten und deren ordnungsgem\u00e4sse Funktion zu \u00fcberpr\u00fcfen.<\/p>\n<p>Sie k\u00f6nnten verwendet werden, um die Verantwortung im Falle hypothetischer Informatikkriminalit\u00e4t gegen die Website festzustellen. Abgesehen von dieser M\u00f6glichkeit verbleiben die Daten bez\u00fcglich Webkontakten derzeit nicht l\u00e4nger als sieben Tage.<\/p>\n<h3><strong>Freiwillig vom Nutzer zur Verf\u00fcgung gestellte Daten<\/strong><\/h3>\n<p>Das optionale, ausdr\u00fcckliche und freiwillige Versenden von E-Mails an die auf der Zambon-Website angegebenen Adressen f\u00fchrt zur anschliessenden Erfassung der angegebenen personenbezogenen Daten, wie z.B. der E-Mail-Adresse des Absenders, die von der Zambon Schweiz AG nur zur Beantwortung Ihrer Anfragen verwendet wird.<\/p>\n<p>Spezifische zusammenfassende Informationen werden nach und nach auf den Seiten der Website angegeben oder sichtbar gemacht, die f\u00fcr bestimmte Bereiche der Datenerfassung eingerichtet wurden.<\/p>\n<p>&nbsp;<\/p>\n<h2><strong>COOKIES<\/strong><\/h2>\n<p>Diese Website verwendet Cookies. Bei Cookies handelt es sich um kleine Textdateien aus Buchstaben und Zahlen, die vom Benutzer besuchte Seiten an sein Endger\u00e4t\u00a0 (in der Regel an den Browser) senden, wo sie gespeichert werden, um dann beim n\u00e4chsten Besuch desselben Nutzers an dieselben Websites zur\u00fcckgesendet zu werden. Cookies haben die Funktion, die Analyse des Webverkehrs zu optimieren oder anzuzeigen, wann eine bestimmte Website oder ein Teil davon besucht wird, zur Bereitstellung personalisierter Inhalte zwischen den Besuchern zu unterscheiden; des Weiteren helfen sie den Administratoren, die Website und das Surf-Erlebnis der Benutzer selbst zu verbessern.<\/p>\n<p>Durch Cookies kann Zambon nicht auf andere Informationen zugreifen, die auf dem Ger\u00e4t des Benutzers gespeichert sind, auch wenn hier die Cookies heruntergeladen werden. Cookies k\u00f6nnen keine Codes jeglicher Art laden, keine Viren oder Malware verbreiten und sind nicht sch\u00e4dlich f\u00fcr das Endger\u00e4t des Benutzers.<\/p>\n<p>Unter <a href=\"\/de\/cookie-richtlinie\/\">folgendem Link<\/a> finden Sie alle Informationen \u00fcber die \u00fcber diese Website installierten Cookies und die notwendigen Informationen dar\u00fcber, wie Sie Ihre diesbez\u00fcglichen Einstellungen verwalten k\u00f6nnen.<\/p>\n<p>&nbsp;<\/p>\n<h2><strong>VERARBEITUNGSMETHODEN<\/strong><\/h2>\n<p>Personenbezogene Daten werden in Papierform und\/oder mit automatisierten Tools f\u00fcr den Zeitraum verarbeitet, der zur Erreichung der Zwecke erforderlich ist, f\u00fcr die sie erhoben wurden.<\/p>\n<p>Es werden besondere Sicherheitsmassnahmen beachtet, um den Verlust, die unrechtm\u00e4ssige oder unsachgem\u00e4sse Verwendung von Daten und den unberechtigten Zugriff zu verhindern.<\/p>\n<p>Wir weisen Sie jedoch darauf hin, dass Kommunikationen \u00fcber das Internet, wie z.B. E-Mail oder Webmail, verschiedene L\u00e4nder durchlaufen k\u00f6nnen, bevor sie dem Empf\u00e4nger zugestellt werden. Zambon Schweiz AG kann keine Verantwortung f\u00fcr den unbefugten Zugriff zu bzw. den Verlust\u00a0 von personenbezogenen Daten \u00fcbernehmen, die sich ihrer Kontrolle entziehen.<\/p>\n<p>&nbsp;<\/p>\n<h2><strong>RECHTE DER BETROFFENEN PERSONEN<\/strong><\/h2>\n<p>Nach dem Bundesdatenschutzgesetz haben die betroffenen Personen (\u201eBetroffene\u201c) jederzeit das Recht, Auskunft dar\u00fcber zu erhalten, ob sie betreffende personenbezogene Daten vorhanden sind oder nicht, \u00fcber den Inhalt und die Herkunft dieser Daten informiert zu werden, eine Kopie der Daten zu erhalten, die Richtigkeit der Daten zu \u00fcberpr\u00fcfen oder die Aktualisierung oder Berichtigung von Fehlern in diesen Daten zu verlangen.<\/p>\n<p>Sie haben auch das Recht, der Verwendung Ihrer personenbezogenen Daten f\u00fcr Direktmarketingzwecke zu widersprechen.<\/p>\n<p>&nbsp;<\/p>\n<h2><strong>DATENSCHUTZVERANTWORTLICHER<\/strong><\/h2>\n<p>Anfragen von Interessenten sind an den Datenschutzverantwortlichen der Zambon Schweiz AG, Via Industria 13, 6814 Cadempino, bzw. <a href=\"mailto:dataprotectionCH@zambongroup.com\">dataprotectionCH@zambongroup.com<\/a> zu richten.<\/p>\n[\/vc_column_text][\/vc_column][\/vc_row]\n<\/div>","protected":false},"excerpt":{"rendered":"<p>[vc_row css=&#8220;.vc_custom_1563198942152{margin-top: 150px !important;padding-right: 20px !important;padding-left: 20px !important;}&#8220;][vc_column][vc_column_text] Datenschutzerkl\u00e4rung Letzte Aktualisierung: Juni 2019 &nbsp; Auf dieser Seite werden die Modalit\u00e4ten beschrieben, gem\u00e4ss denen diese Website in Bezug auf die Verarbeitung der personenbezogenen Daten von die Website konsultierenden Benutzern verwaltet wird. Gem\u00e4ss dem Bundesgesetz \u00fcber den Datenschutz ist Zambon Schweiz AG die Inhaberin einer Datensammlung. Diese [&hellip;]<\/p>\n","protected":false},"author":1,"featured_media":0,"parent":0,"menu_order":0,"comment_status":"closed","ping_status":"closed","template":"","meta":{"_monsterinsights_skip_tracking":false,"_monsterinsights_sitenote_active":false,"_monsterinsights_sitenote_note":"","_monsterinsights_sitenote_category":0,"footnotes":""},"categories":[],"tags":[],"yst_prominent_words":[747,749,752,754,753,743,741,750,748,751,202,755,744,746,116,296,295,745,742,117],"class_list":["post-17222","page","type-page","status-publish","hentry"],"_links":{"self":[{"href":"https:\/\/www.fluimucil-erkaeltungshusten.ch\/de\/wp-json\/wp\/v2\/pages\/17222","targetHints":{"allow":["GET"]}}],"collection":[{"href":"https:\/\/www.fluimucil-erkaeltungshusten.ch\/de\/wp-json\/wp\/v2\/pages"}],"about":[{"href":"https:\/\/www.fluimucil-erkaeltungshusten.ch\/de\/wp-json\/wp\/v2\/types\/page"}],"author":[{"embeddable":true,"href":"https:\/\/www.fluimucil-erkaeltungshusten.ch\/de\/wp-json\/wp\/v2\/users\/1"}],"replies":[{"embeddable":true,"href":"https:\/\/www.fluimucil-erkaeltungshusten.ch\/de\/wp-json\/wp\/v2\/comments?post=17222"}],"version-history":[{"count":0,"href":"https:\/\/www.fluimucil-erkaeltungshusten.ch\/de\/wp-json\/wp\/v2\/pages\/17222\/revisions"}],"wp:attachment":[{"href":"https:\/\/www.fluimucil-erkaeltungshusten.ch\/de\/wp-json\/wp\/v2\/media?parent=17222"}],"wp:term":[{"taxonomy":"category","embeddable":true,"href":"https:\/\/www.fluimucil-erkaeltungshusten.ch\/de\/wp-json\/wp\/v2\/categories?post=17222"},{"taxonomy":"post_tag","embeddable":true,"href":"https:\/\/www.fluimucil-erkaeltungshusten.ch\/de\/wp-json\/wp\/v2\/tags?post=17222"},{"taxonomy":"yst_prominent_words","embeddable":true,"href":"https:\/\/www.fluimucil-erkaeltungshusten.ch\/de\/wp-json\/wp\/v2\/yst_prominent_words?post=17222"}],"curies":[{"name":"wp","href":"https:\/\/api.w.org\/{rel}","templated":true}]}}